{"id":106,"date":"2023-01-07T17:22:49","date_gmt":"2023-01-07T22:22:49","guid":{"rendered":"https:\/\/homeready.com.co\/web\/?page_id=106"},"modified":"2023-01-12T13:53:33","modified_gmt":"2023-01-12T18:53:33","slug":"nosotros","status":"publish","type":"page","link":"https:\/\/homeready.com.co\/web\/index.php\/nosotros\/","title":{"rendered":"Nosotros"},"content":{"rendered":"\t\t<div data-elementor-type=\"wp-page\" data-elementor-id=\"106\" class=\"elementor elementor-106\" data-elementor-post-type=\"page\">\n\t\t\t\t\t\t<section class=\"elementor-section elementor-top-section elementor-element elementor-element-0e5c1b2 elementor-section-boxed elementor-section-height-default elementor-section-height-default\" data-id=\"0e5c1b2\" data-element_type=\"section\">\n\t\t\t\t\t\t<div class=\"elementor-container elementor-column-gap-default\">\n\t\t\t\t\t<div class=\"elementor-column elementor-col-50 elementor-top-column elementor-element elementor-element-07b6aa2\" data-id=\"07b6aa2\" data-element_type=\"column\">\n\t\t\t<div class=\"elementor-widget-wrap elementor-element-populated\">\n\t\t\t\t\t\t<div class=\"elementor-element elementor-element-8726d2b elementor-arrows-position-inside elementor-pagination-position-outside elementor-invisible elementor-widget elementor-widget-image-carousel\" data-id=\"8726d2b\" data-element_type=\"widget\" data-settings=\"{&quot;slides_to_show&quot;:&quot;1&quot;,&quot;autoplay_speed&quot;:2000,&quot;_animation&quot;:&quot;fadeInUp&quot;,&quot;navigation&quot;:&quot;both&quot;,&quot;autoplay&quot;:&quot;yes&quot;,&quot;pause_on_hover&quot;:&quot;yes&quot;,&quot;pause_on_interaction&quot;:&quot;yes&quot;,&quot;infinite&quot;:&quot;yes&quot;,&quot;effect&quot;:&quot;slide&quot;,&quot;speed&quot;:500}\" data-widget_type=\"image-carousel.default\">\n\t\t\t\t<div class=\"elementor-widget-container\">\n\t\t\t\t\t\t\t<div class=\"elementor-image-carousel-wrapper swiper\" role=\"region\" aria-roledescription=\"carousel\" aria-label=\"Carrusel de im\u00e1genes\" dir=\"ltr\">\n\t\t\t<div class=\"elementor-image-carousel swiper-wrapper\" aria-live=\"off\">\n\t\t\t\t\t\t\t\t<div class=\"swiper-slide\" role=\"group\" aria-roledescription=\"slide\" aria-label=\"1 of 2\"><figure class=\"swiper-slide-inner\"><img decoding=\"async\" class=\"swiper-slide-image\" src=\"https:\/\/homeready.com.co\/web\/wp-content\/uploads\/elementor\/thumbs\/home-ready-03-q0kdqhcl2wmomt5jwic0ytpqkkczgh06jxjtmqow68.png\" alt=\"home-ready-03\" \/><\/figure><\/div><div class=\"swiper-slide\" role=\"group\" aria-roledescription=\"slide\" aria-label=\"2 of 2\"><figure class=\"swiper-slide-inner\"><img decoding=\"async\" class=\"swiper-slide-image\" src=\"https:\/\/homeready.com.co\/web\/wp-content\/uploads\/elementor\/thumbs\/home-ready-04-q0kdqovalkwz7oumoll1irtfbnbx61u18yrpgydqsg.png\" alt=\"home-ready-04\" \/><\/figure><\/div>\t\t\t<\/div>\n\t\t\t\t\t\t\t\t\t\t\t\t<div class=\"elementor-swiper-button elementor-swiper-button-prev\" role=\"button\" tabindex=\"0\">\n\t\t\t\t\t\t<i aria-hidden=\"true\" class=\"eicon-chevron-left\"><\/i>\t\t\t\t\t<\/div>\n\t\t\t\t\t<div class=\"elementor-swiper-button elementor-swiper-button-next\" role=\"button\" tabindex=\"0\">\n\t\t\t\t\t\t<i aria-hidden=\"true\" class=\"eicon-chevron-right\"><\/i>\t\t\t\t\t<\/div>\n\t\t\t\t\n\t\t\t\t\t\t\t\t\t<div class=\"swiper-pagination\"><\/div>\n\t\t\t\t\t\t\t\t\t<\/div>\n\t\t\t\t\t\t<\/div>\n\t\t\t\t<\/div>\n\t\t\t\t\t<\/div>\n\t\t<\/div>\n\t\t\t\t<div class=\"elementor-column elementor-col-50 elementor-top-column elementor-element elementor-element-6cb3730\" data-id=\"6cb3730\" data-element_type=\"column\">\n\t\t\t<div class=\"elementor-widget-wrap elementor-element-populated\">\n\t\t\t\t\t\t<div class=\"elementor-element elementor-element-27adcc5 elementor-invisible elementor-widget elementor-widget-heading\" data-id=\"27adcc5\" data-element_type=\"widget\" data-settings=\"{&quot;_animation&quot;:&quot;fadeIn&quot;}\" data-widget_type=\"heading.default\">\n\t\t\t\t<div class=\"elementor-widget-container\">\n\t\t\t\t\t<h2 class=\"elementor-heading-title elementor-size-default\">Quienes somos <\/h2>\t\t\t\t<\/div>\n\t\t\t\t<\/div>\n\t\t\t\t<div class=\"elementor-element elementor-element-6e74008 animated-slow elementor-invisible elementor-widget elementor-widget-text-editor\" data-id=\"6e74008\" data-element_type=\"widget\" data-settings=\"{&quot;_animation&quot;:&quot;fadeIn&quot;}\" data-widget_type=\"text-editor.default\">\n\t\t\t\t<div class=\"elementor-widget-container\">\n\t\t\t\t\t\t\t\t\t<p style=\"text-align: justify;\">En Home Ready, somos una empresa especializada en el sector de obra civil, el dise\u00f1o arquitect\u00f3nico, adecuaci\u00f3n de espacios, remodelaci\u00f3n, impermeabilizaciones, mantenimiento locativo y adecuaciones el\u00e9ctricas, entre otros, nos especializamos en ofrecer una soluci\u00f3n integral a nuestros clientes ya que contamos con el personal calificado para cada una de estas actividades.<\/p><p style=\"text-align: justify;\">Nuestro personal profesional acumula <strong>m\u00e1s de 20 a\u00f1os de experiencia<\/strong> en el \u00e1rea de la construcci\u00f3n y en especial del segmento vivienda, conociendo siempre de primera mano, las necesidades de los usuarios, para as\u00ed brindar soluciones integrales al alcance de cada bolsillo.<\/p>\t\t\t\t\t\t\t\t<\/div>\n\t\t\t\t<\/div>\n\t\t\t\t<div class=\"elementor-element elementor-element-e2ace2c elementor-invisible elementor-widget elementor-widget-heading\" data-id=\"e2ace2c\" data-element_type=\"widget\" data-settings=\"{&quot;_animation&quot;:&quot;fadeIn&quot;,&quot;_animation_delay&quot;:500}\" data-widget_type=\"heading.default\">\n\t\t\t\t<div class=\"elementor-widget-container\">\n\t\t\t\t\t<h2 class=\"elementor-heading-title elementor-size-default\">Misi\u00f3n<\/h2>\t\t\t\t<\/div>\n\t\t\t\t<\/div>\n\t\t\t\t<div class=\"elementor-element elementor-element-fb46f70 animated-slow elementor-invisible elementor-widget elementor-widget-text-editor\" data-id=\"fb46f70\" data-element_type=\"widget\" data-settings=\"{&quot;_animation&quot;:&quot;fadeIn&quot;,&quot;_animation_delay&quot;:1000}\" data-widget_type=\"text-editor.default\">\n\t\t\t\t<div class=\"elementor-widget-container\">\n\t\t\t\t\t\t\t\t\t<p style=\"text-align: justify;\">Prestar servicios personalizados y de la mejor calidad en la adecuaci\u00f3n, remodelacion, dise\u00f1o, construcci\u00f3n y financiaci\u00f3n de proyectos residenciales y comerciales, de infraestructura y restauraci\u00f3n, de manera individual o con alianzas estrat\u00e9gicas para los clientes puedan optimizar sus inversiones y logren una satisfacci\u00f3n completa con los resultados obtenidos.<\/p>\t\t\t\t\t\t\t\t<\/div>\n\t\t\t\t<\/div>\n\t\t\t\t<div class=\"elementor-element elementor-element-e79fd1c elementor-invisible elementor-widget elementor-widget-heading\" data-id=\"e79fd1c\" data-element_type=\"widget\" data-settings=\"{&quot;_animation&quot;:&quot;fadeIn&quot;,&quot;_animation_delay&quot;:1500}\" data-widget_type=\"heading.default\">\n\t\t\t\t<div class=\"elementor-widget-container\">\n\t\t\t\t\t<h2 class=\"elementor-heading-title elementor-size-default\">Visi\u00f3n<\/h2>\t\t\t\t<\/div>\n\t\t\t\t<\/div>\n\t\t\t\t<div class=\"elementor-element elementor-element-d76148b animated-slow elementor-invisible elementor-widget elementor-widget-text-editor\" data-id=\"d76148b\" data-element_type=\"widget\" data-settings=\"{&quot;_animation&quot;:&quot;fadeIn&quot;,&quot;_animation_delay&quot;:2000}\" data-widget_type=\"text-editor.default\">\n\t\t\t\t<div class=\"elementor-widget-container\">\n\t\t\t\t\t\t\t\t\t<p style=\"text-align: justify;\">Ser reconocida a nivel departamental gracias a la calidad en los servicios que prestamos y la confianza que brindamos a los clientes, seguros de que continuaremos con el crecimiento ordenado y escalonado fruto del esfuerzo y dedicaci\u00f3n del recurso humano; nuestro activo m\u00e1s valioso dentro de la organizaci\u00f3n.<\/p>\t\t\t\t\t\t\t\t<\/div>\n\t\t\t\t<\/div>\n\t\t\t\t\t<\/div>\n\t\t<\/div>\n\t\t\t\t\t<\/div>\n\t\t<\/section>\n\t\t\t\t<\/div>\n\t\t","protected":false},"excerpt":{"rendered":"<p>Anterior Siguiente Quienes somos En Home Ready, somos una empresa especializada en el sector de obra civil, el dise\u00f1o arquitect\u00f3nico, adecuaci\u00f3n de espacios, remodelaci\u00f3n, impermeabilizaciones, mantenimiento locativo y adecuaciones el\u00e9ctricas, entre otros, nos especializamos en ofrecer una soluci\u00f3n integral a nuestros clientes ya que contamos con el personal calificado para cada una de estas actividades. [&hellip;]<\/p>\n","protected":false},"author":1,"featured_media":0,"parent":0,"menu_order":0,"comment_status":"closed","ping_status":"closed","template":"","meta":{"footnotes":""},"class_list":["post-106","page","type-page","status-publish","hentry"],"_links":{"self":[{"href":"https:\/\/homeready.com.co\/web\/index.php\/wp-json\/wp\/v2\/pages\/106","targetHints":{"allow":["GET"]}}],"collection":[{"href":"https:\/\/homeready.com.co\/web\/index.php\/wp-json\/wp\/v2\/pages"}],"about":[{"href":"https:\/\/homeready.com.co\/web\/index.php\/wp-json\/wp\/v2\/types\/page"}],"author":[{"embeddable":true,"href":"https:\/\/homeready.com.co\/web\/index.php\/wp-json\/wp\/v2\/users\/1"}],"replies":[{"embeddable":true,"href":"https:\/\/homeready.com.co\/web\/index.php\/wp-json\/wp\/v2\/comments?post=106"}],"version-history":[{"count":32,"href":"https:\/\/homeready.com.co\/web\/index.php\/wp-json\/wp\/v2\/pages\/106\/revisions"}],"predecessor-version":[{"id":245,"href":"https:\/\/homeready.com.co\/web\/index.php\/wp-json\/wp\/v2\/pages\/106\/revisions\/245"}],"wp:attachment":[{"href":"https:\/\/homeready.com.co\/web\/index.php\/wp-json\/wp\/v2\/media?parent=106"}],"curies":[{"name":"wp","href":"https:\/\/api.w.org\/{rel}","templated":true}]}}