{"id":30,"date":"2023-01-07T15:25:58","date_gmt":"2023-01-07T20:25:58","guid":{"rendered":"https:\/\/homeready.com.co\/web\/?page_id=30"},"modified":"2023-01-20T16:21:00","modified_gmt":"2023-01-20T21:21:00","slug":"acabados-remodelacion","status":"publish","type":"page","link":"https:\/\/homeready.com.co\/web\/index.php\/acabados-remodelacion\/","title":{"rendered":"Acabados &#038; Remodelaci\u00f3n"},"content":{"rendered":"\t\t<div data-elementor-type=\"wp-page\" data-elementor-id=\"30\" class=\"elementor elementor-30\" data-elementor-post-type=\"page\">\n\t\t\t\t\t\t<section class=\"elementor-section elementor-top-section elementor-element elementor-element-a0806ee elementor-section-boxed elementor-section-height-default elementor-section-height-default\" data-id=\"a0806ee\" data-element_type=\"section\">\n\t\t\t\t\t\t<div class=\"elementor-container elementor-column-gap-default\">\n\t\t\t\t\t<div class=\"elementor-column elementor-col-50 elementor-top-column elementor-element elementor-element-0ddcab3\" data-id=\"0ddcab3\" data-element_type=\"column\">\n\t\t\t<div class=\"elementor-widget-wrap elementor-element-populated\">\n\t\t\t\t\t\t<div class=\"elementor-element elementor-element-94d9949 elementor-arrows-position-inside elementor-pagination-position-outside elementor-invisible elementor-widget elementor-widget-image-carousel\" data-id=\"94d9949\" data-element_type=\"widget\" data-settings=\"{&quot;slides_to_show&quot;:&quot;1&quot;,&quot;autoplay_speed&quot;:2000,&quot;_animation&quot;:&quot;fadeInUp&quot;,&quot;navigation&quot;:&quot;both&quot;,&quot;autoplay&quot;:&quot;yes&quot;,&quot;pause_on_hover&quot;:&quot;yes&quot;,&quot;pause_on_interaction&quot;:&quot;yes&quot;,&quot;infinite&quot;:&quot;yes&quot;,&quot;effect&quot;:&quot;slide&quot;,&quot;speed&quot;:500}\" data-widget_type=\"image-carousel.default\">\n\t\t\t\t<div class=\"elementor-widget-container\">\n\t\t\t\t\t\t\t<div class=\"elementor-image-carousel-wrapper swiper\" role=\"region\" aria-roledescription=\"carousel\" aria-label=\"Carrusel de im\u00e1genes\" dir=\"ltr\">\n\t\t\t<div class=\"elementor-image-carousel swiper-wrapper\" aria-live=\"off\">\n\t\t\t\t\t\t\t\t<div class=\"swiper-slide\" role=\"group\" aria-roledescription=\"slide\" aria-label=\"1 of 2\"><figure class=\"swiper-slide-inner\"><img decoding=\"async\" class=\"swiper-slide-image\" src=\"https:\/\/homeready.com.co\/web\/wp-content\/uploads\/elementor\/thumbs\/home-ready-11-q0kejmcgy0iojmttr3ro9h05ikqm2oomk5lp7jhja8.png\" alt=\"home-ready-11\" \/><\/figure><\/div><div class=\"swiper-slide\" role=\"group\" aria-roledescription=\"slide\" aria-label=\"2 of 2\"><figure class=\"swiper-slide-inner\"><img decoding=\"async\" class=\"swiper-slide-image\" src=\"https:\/\/homeready.com.co\/web\/wp-content\/uploads\/elementor\/thumbs\/home-ready-12-q0kejq3tpcntu2od55e6jg1zw482xh3jwo7n4nbylc.png\" alt=\"home-ready-12\" \/><\/figure><\/div>\t\t\t<\/div>\n\t\t\t\t\t\t\t\t\t\t\t\t<div class=\"elementor-swiper-button elementor-swiper-button-prev\" role=\"button\" tabindex=\"0\">\n\t\t\t\t\t\t<i aria-hidden=\"true\" class=\"eicon-chevron-left\"><\/i>\t\t\t\t\t<\/div>\n\t\t\t\t\t<div class=\"elementor-swiper-button elementor-swiper-button-next\" role=\"button\" tabindex=\"0\">\n\t\t\t\t\t\t<i aria-hidden=\"true\" class=\"eicon-chevron-right\"><\/i>\t\t\t\t\t<\/div>\n\t\t\t\t\n\t\t\t\t\t\t\t\t\t<div class=\"swiper-pagination\"><\/div>\n\t\t\t\t\t\t\t\t\t<\/div>\n\t\t\t\t\t\t<\/div>\n\t\t\t\t<\/div>\n\t\t\t\t\t<\/div>\n\t\t<\/div>\n\t\t\t\t<div class=\"elementor-column elementor-col-50 elementor-top-column elementor-element elementor-element-ba43162\" data-id=\"ba43162\" data-element_type=\"column\">\n\t\t\t<div class=\"elementor-widget-wrap elementor-element-populated\">\n\t\t\t\t\t\t<div class=\"elementor-element elementor-element-a772362 elementor-invisible elementor-widget elementor-widget-heading\" data-id=\"a772362\" data-element_type=\"widget\" data-settings=\"{&quot;_animation&quot;:&quot;fadeIn&quot;}\" data-widget_type=\"heading.default\">\n\t\t\t\t<div class=\"elementor-widget-container\">\n\t\t\t\t\t<h2 class=\"elementor-heading-title elementor-size-default\">Remodelaci\u00f3n<\/h2>\t\t\t\t<\/div>\n\t\t\t\t<\/div>\n\t\t\t\t<div class=\"elementor-element elementor-element-0477226 animated-slow elementor-invisible elementor-widget elementor-widget-text-editor\" data-id=\"0477226\" data-element_type=\"widget\" data-settings=\"{&quot;_animation&quot;:&quot;fadeIn&quot;}\" data-widget_type=\"text-editor.default\">\n\t\t\t\t<div class=\"elementor-widget-container\">\n\t\t\t\t\t\t\t\t\t<p style=\"text-align: justify;\">A trav\u00e9s de nuestro servicio podr\u00e1s conocer los costos y la cotizaci\u00f3n del proyecto que deseas desarrollar, puesto que la visita es ejecutada por profesionales en la construcci\u00f3n con amplia experiencia en remodelaciones.<\/p><p style=\"text-align: justify;\">La cotizaci\u00f3n ser\u00e1 presentada dentro de los siguientes cinco d\u00edas h\u00e1biles a la visita, seg\u00fan la complejidad del proyecto nuestros tiempos de cotizaci\u00f3n se pueden extender.<\/p><p style=\"text-align: justify;\">Nuestros proyectos son ejecutadas por tecnicos expertos, bajo la supervisi\u00f3n de profesionales que nos permitan garantizar la calidad de los trabajos solicitados.<\/p><p style=\"text-align: justify;\">La cotizaci\u00f3n, se presenta a partir de las solicitudes del cliente, incluir\u00e1n actividades como: cambios de enchapes en pisos y paredes, pintura interior y exterior, instalaci\u00f3n de pisos, instalaci\u00f3n de cielo raso, instalaci\u00f3n de accesorios, cambios e instalaci\u00f3n de aparatos sanitarios, reparaciones y ajustes de cubiertas y terrazas, reparaci\u00f3n y\/o tratamiento de humedades.<\/p><p style=\"text-align: justify;\">Una vez entregada la cotizaci\u00f3n, toda solicitud adicional estar\u00e1 sujeta a un nuevo diagn\u00f3stico.<\/p><p><strong>La visita de t\u00e9cnicos tiene un costo de $80,000.<\/strong><\/p><p><span style=\"color: #ffffff;\">.<\/span><\/p><p style=\"text-align: justify;\"><span style=\"color: #9ac21c;\"><strong>No incluye<\/strong><\/span><\/p><p style=\"text-align: justify;\">No realizamos entrega de planos, render u otros similares.<\/p>\t\t\t\t\t\t\t\t<\/div>\n\t\t\t\t<\/div>\n\t\t\t\t\t<\/div>\n\t\t<\/div>\n\t\t\t\t\t<\/div>\n\t\t<\/section>\n\t\t\t\t<\/div>\n\t\t","protected":false},"excerpt":{"rendered":"<p>Anterior Siguiente Remodelaci\u00f3n A trav\u00e9s de nuestro servicio podr\u00e1s conocer los costos y la cotizaci\u00f3n del proyecto que deseas desarrollar, puesto que la visita es ejecutada por profesionales en la construcci\u00f3n con amplia experiencia en remodelaciones. La cotizaci\u00f3n ser\u00e1 presentada dentro de los siguientes cinco d\u00edas h\u00e1biles a la visita, seg\u00fan la complejidad del proyecto [&hellip;]<\/p>\n","protected":false},"author":1,"featured_media":0,"parent":0,"menu_order":0,"comment_status":"closed","ping_status":"closed","template":"","meta":{"footnotes":""},"class_list":["post-30","page","type-page","status-publish","hentry"],"_links":{"self":[{"href":"https:\/\/homeready.com.co\/web\/index.php\/wp-json\/wp\/v2\/pages\/30","targetHints":{"allow":["GET"]}}],"collection":[{"href":"https:\/\/homeready.com.co\/web\/index.php\/wp-json\/wp\/v2\/pages"}],"about":[{"href":"https:\/\/homeready.com.co\/web\/index.php\/wp-json\/wp\/v2\/types\/page"}],"author":[{"embeddable":true,"href":"https:\/\/homeready.com.co\/web\/index.php\/wp-json\/wp\/v2\/users\/1"}],"replies":[{"embeddable":true,"href":"https:\/\/homeready.com.co\/web\/index.php\/wp-json\/wp\/v2\/comments?post=30"}],"version-history":[{"count":19,"href":"https:\/\/homeready.com.co\/web\/index.php\/wp-json\/wp\/v2\/pages\/30\/revisions"}],"predecessor-version":[{"id":319,"href":"https:\/\/homeready.com.co\/web\/index.php\/wp-json\/wp\/v2\/pages\/30\/revisions\/319"}],"wp:attachment":[{"href":"https:\/\/homeready.com.co\/web\/index.php\/wp-json\/wp\/v2\/media?parent=30"}],"curies":[{"name":"wp","href":"https:\/\/api.w.org\/{rel}","templated":true}]}}