{"id":8,"date":"2023-01-07T14:42:06","date_gmt":"2023-01-07T19:42:06","guid":{"rendered":"https:\/\/homeready.com.co\/web\/?page_id=8"},"modified":"2025-08-29T17:28:26","modified_gmt":"2025-08-29T22:28:26","slug":"inicio","status":"publish","type":"page","link":"https:\/\/homeready.com.co\/web\/","title":{"rendered":"Inicio"},"content":{"rendered":"\t\t<div data-elementor-type=\"wp-page\" data-elementor-id=\"8\" class=\"elementor elementor-8\" data-elementor-post-type=\"page\">\n\t\t\t\t\t\t<section class=\"elementor-section elementor-top-section elementor-element elementor-element-8b177ee elementor-section-boxed elementor-section-height-default elementor-section-height-default\" data-id=\"8b177ee\" data-element_type=\"section\">\n\t\t\t\t\t\t<div class=\"elementor-container elementor-column-gap-default\">\n\t\t\t\t\t<div class=\"elementor-column elementor-col-50 elementor-top-column elementor-element elementor-element-7cada2d\" data-id=\"7cada2d\" data-element_type=\"column\">\n\t\t\t<div class=\"elementor-widget-wrap elementor-element-populated\">\n\t\t\t\t\t\t<div class=\"elementor-element elementor-element-58f3839 elementor-arrows-position-inside elementor-pagination-position-outside elementor-invisible elementor-widget elementor-widget-image-carousel\" data-id=\"58f3839\" data-element_type=\"widget\" data-settings=\"{&quot;slides_to_show&quot;:&quot;1&quot;,&quot;autoplay_speed&quot;:2000,&quot;_animation&quot;:&quot;fadeInUp&quot;,&quot;navigation&quot;:&quot;both&quot;,&quot;autoplay&quot;:&quot;yes&quot;,&quot;pause_on_hover&quot;:&quot;yes&quot;,&quot;pause_on_interaction&quot;:&quot;yes&quot;,&quot;infinite&quot;:&quot;yes&quot;,&quot;effect&quot;:&quot;slide&quot;,&quot;speed&quot;:500}\" data-widget_type=\"image-carousel.default\">\n\t\t\t\t<div class=\"elementor-widget-container\">\n\t\t\t\t\t\t\t<div class=\"elementor-image-carousel-wrapper swiper\" role=\"region\" aria-roledescription=\"carousel\" aria-label=\"Carrusel de im\u00e1genes\" dir=\"ltr\">\n\t\t\t<div class=\"elementor-image-carousel swiper-wrapper\" aria-live=\"off\">\n\t\t\t\t\t\t\t\t<div class=\"swiper-slide\" role=\"group\" aria-roledescription=\"slide\" aria-label=\"1 of 2\"><figure class=\"swiper-slide-inner\"><img decoding=\"async\" class=\"swiper-slide-image\" src=\"https:\/\/homeready.com.co\/web\/wp-content\/uploads\/elementor\/thumbs\/home-ready-02-q0kd3vccododchzxxqh3zj4k4vt4al8ms0lc147tuo.png\" alt=\"home-ready-02\" \/><\/figure><\/div><div class=\"swiper-slide\" role=\"group\" aria-roledescription=\"slide\" aria-label=\"2 of 2\"><figure class=\"swiper-slide-inner\"><img decoding=\"async\" class=\"swiper-slide-image\" src=\"https:\/\/homeready.com.co\/web\/wp-content\/uploads\/elementor\/thumbs\/home-ready-01-q0kd3siu3vkido41e798a1u6cq70nhxfrmmvlac0dc.png\" alt=\"home-ready-01\" \/><\/figure><\/div>\t\t\t<\/div>\n\t\t\t\t\t\t\t\t\t\t\t\t<div class=\"elementor-swiper-button elementor-swiper-button-prev\" role=\"button\" tabindex=\"0\">\n\t\t\t\t\t\t<i aria-hidden=\"true\" class=\"eicon-chevron-left\"><\/i>\t\t\t\t\t<\/div>\n\t\t\t\t\t<div class=\"elementor-swiper-button elementor-swiper-button-next\" role=\"button\" tabindex=\"0\">\n\t\t\t\t\t\t<i aria-hidden=\"true\" class=\"eicon-chevron-right\"><\/i>\t\t\t\t\t<\/div>\n\t\t\t\t\n\t\t\t\t\t\t\t\t\t<div class=\"swiper-pagination\"><\/div>\n\t\t\t\t\t\t\t\t\t<\/div>\n\t\t\t\t\t\t<\/div>\n\t\t\t\t<\/div>\n\t\t\t\t\t<\/div>\n\t\t<\/div>\n\t\t\t\t<div class=\"elementor-column elementor-col-50 elementor-top-column elementor-element elementor-element-63e94c2\" data-id=\"63e94c2\" data-element_type=\"column\">\n\t\t\t<div class=\"elementor-widget-wrap elementor-element-populated\">\n\t\t\t\t\t\t<div class=\"elementor-element elementor-element-373f4a3 animated-slow elementor-invisible elementor-widget elementor-widget-text-editor\" data-id=\"373f4a3\" data-element_type=\"widget\" data-settings=\"{&quot;_animation&quot;:&quot;fadeIn&quot;,&quot;_animation_delay&quot;:500}\" data-widget_type=\"text-editor.default\">\n\t\t\t\t<div class=\"elementor-widget-container\">\n\t\t\t\t\t\t\t\t\t<p style=\"text-align: justify;\"><b>Somos una empresa dedicada a la b\u00fasqueda de soluciones integrales en todas nuestras l\u00edneas de negocio como son:<\/b><\/p>\t\t\t\t\t\t\t\t<\/div>\n\t\t\t\t<\/div>\n\t\t\t\t<div class=\"elementor-element elementor-element-97b2323 elementor-invisible elementor-widget elementor-widget-heading\" data-id=\"97b2323\" data-element_type=\"widget\" data-settings=\"{&quot;_animation&quot;:&quot;fadeIn&quot;,&quot;_animation_delay&quot;:1500}\" data-widget_type=\"heading.default\">\n\t\t\t\t<div class=\"elementor-widget-container\">\n\t\t\t\t\t<h2 class=\"elementor-heading-title elementor-size-default\">Servicios Institucionales<\/h2>\t\t\t\t<\/div>\n\t\t\t\t<\/div>\n\t\t\t\t<div class=\"elementor-element elementor-element-1fd452b animated-slow elementor-invisible elementor-widget elementor-widget-text-editor\" data-id=\"1fd452b\" data-element_type=\"widget\" data-settings=\"{&quot;_animation&quot;:&quot;fadeIn&quot;,&quot;_animation_delay&quot;:2000}\" data-widget_type=\"text-editor.default\">\n\t\t\t\t<div class=\"elementor-widget-container\">\n\t\t\t\t\t\t\t\t\t<ul><li style=\"text-align: justify;\">Aseo y servicios generales institucionales<\/li><li style=\"text-align: justify;\">Jardiner\u00eda institucional<\/li><li style=\"text-align: justify;\">Piscinero y salvamento acu\u00e1tico<\/li><\/ul>\t\t\t\t\t\t\t\t<\/div>\n\t\t\t\t<\/div>\n\t\t\t\t<div class=\"elementor-element elementor-element-73149b8 elementor-invisible elementor-widget elementor-widget-heading\" data-id=\"73149b8\" data-element_type=\"widget\" data-settings=\"{&quot;_animation&quot;:&quot;fadeIn&quot;,&quot;_animation_delay&quot;:2500}\" data-widget_type=\"heading.default\">\n\t\t\t\t<div class=\"elementor-widget-container\">\n\t\t\t\t\t<h2 class=\"elementor-heading-title elementor-size-default\">Servicios de Obra e Ingenier\u00eda<\/h2>\t\t\t\t<\/div>\n\t\t\t\t<\/div>\n\t\t\t\t<div class=\"elementor-element elementor-element-5f53e6c animated-slow elementor-invisible elementor-widget elementor-widget-text-editor\" data-id=\"5f53e6c\" data-element_type=\"widget\" data-settings=\"{&quot;_animation&quot;:&quot;fadeIn&quot;,&quot;_animation_delay&quot;:3000}\" data-widget_type=\"text-editor.default\">\n\t\t\t\t<div class=\"elementor-widget-container\">\n\t\t\t\t\t\t\t\t\t<ul><li style=\"text-align: justify;\">\u200bObra civil<\/li><li style=\"text-align: justify;\">Mantenimiento locativo<\/li><li style=\"text-align: justify;\">Remodelaciones y Acabados<\/li><li style=\"text-align: justify;\">Consultora en recepci\u00f3n de zonas comunes a Constructoras<\/li><li style=\"text-align: justify;\">Asesor\u00eda y acompa\u00f1amiento en la recepci\u00f3n de vivienda nueva a constructoras<\/li><li style=\"text-align: justify;\">Dise\u00f1o y construcci\u00f3n de espacios innovadores para tu hogar, oficina y empresa. Logrando que tu experiencia en remodelaci\u00f3n sea una experiencia inolvidable, te brindamos experiencias \u00fanicas buscando ambientes personalizados y ajustados a las necesidades de nuestros clientes<\/li><\/ul>\t\t\t\t\t\t\t\t<\/div>\n\t\t\t\t<\/div>\n\t\t\t\t\t<\/div>\n\t\t<\/div>\n\t\t\t\t\t<\/div>\n\t\t<\/section>\n\t\t\t\t<\/div>\n\t\t","protected":false},"excerpt":{"rendered":"<p>Somos una empresa dedicada a la b\u00fasqueda de soluciones integrales en todas nuestras l\u00edneas de negocio como son: Servicios Institucionales Aseo y servicios generales institucionales Jardiner\u00eda institucional Piscinero y salvamento acu\u00e1tico Servicios de Obra e Ingenier\u00eda \u200bObra civil Mantenimiento locativo Remodelaciones y Acabados Consultora en recepci\u00f3n de zonas comunes a Constructoras Asesor\u00eda y acompa\u00f1amiento en [&hellip;]<\/p>\n","protected":false},"author":1,"featured_media":0,"parent":0,"menu_order":0,"comment_status":"closed","ping_status":"closed","template":"","meta":{"footnotes":""},"class_list":["post-8","page","type-page","status-publish","hentry"],"_links":{"self":[{"href":"https:\/\/homeready.com.co\/web\/index.php\/wp-json\/wp\/v2\/pages\/8","targetHints":{"allow":["GET"]}}],"collection":[{"href":"https:\/\/homeready.com.co\/web\/index.php\/wp-json\/wp\/v2\/pages"}],"about":[{"href":"https:\/\/homeready.com.co\/web\/index.php\/wp-json\/wp\/v2\/types\/page"}],"author":[{"embeddable":true,"href":"https:\/\/homeready.com.co\/web\/index.php\/wp-json\/wp\/v2\/users\/1"}],"replies":[{"embeddable":true,"href":"https:\/\/homeready.com.co\/web\/index.php\/wp-json\/wp\/v2\/comments?post=8"}],"version-history":[{"count":49,"href":"https:\/\/homeready.com.co\/web\/index.php\/wp-json\/wp\/v2\/pages\/8\/revisions"}],"predecessor-version":[{"id":685,"href":"https:\/\/homeready.com.co\/web\/index.php\/wp-json\/wp\/v2\/pages\/8\/revisions\/685"}],"wp:attachment":[{"href":"https:\/\/homeready.com.co\/web\/index.php\/wp-json\/wp\/v2\/media?parent=8"}],"curies":[{"name":"wp","href":"https:\/\/api.w.org\/{rel}","templated":true}]}}